{"id":166,"date":"2026-03-09T05:17:57","date_gmt":"2026-03-09T05:17:57","guid":{"rendered":"https:\/\/deltaexpo.tc-host.de\/?page_id=166"},"modified":"2026-03-09T05:18:42","modified_gmt":"2026-03-09T05:18:42","slug":"impressum","status":"publish","type":"page","link":"https:\/\/deltaexpo.de\/?page_id=166","title":{"rendered":"Impressum"},"content":{"rendered":"\t\t<div data-elementor-type=\"wp-page\" data-elementor-id=\"166\" class=\"elementor elementor-166\" data-elementor-post-type=\"page\">\n\t\t\t\t<div class=\"elementor-element elementor-element-ad85d8e e-flex e-con-boxed e-con e-parent\" data-id=\"ad85d8e\" data-element_type=\"container\" data-e-type=\"container\">\n\t\t\t\t\t<div class=\"e-con-inner\">\n\t\t\t\t<div class=\"elementor-element elementor-element-f206d67 elementor-widget elementor-widget-text-editor\" data-id=\"f206d67\" data-element_type=\"widget\" data-e-type=\"widget\" data-widget_type=\"text-editor.default\">\n\t\t\t\t\t\t\t\t\t<h2 data-section-id=\"1yv3gvy\" data-start=\"258\" data-end=\"270\">Impressum<\/h2><p data-start=\"272\" data-end=\"323\"><strong data-start=\"272\" data-end=\"323\">Angaben gem\u00e4\u00df \u00a7 5 Digitale-Dienste-Gesetz (DDG)<\/strong><\/p><p data-start=\"325\" data-end=\"389\"><strong data-start=\"325\" data-end=\"343\">DeltaExpo GmbH<\/strong><br data-start=\"343\" data-end=\"346\" \/>Gertigstr. 59<br data-start=\"359\" data-end=\"362\" \/>22303 Hamburg<br data-start=\"375\" data-end=\"378\" \/>Deutschland<\/p><p data-start=\"391\" data-end=\"446\"><strong data-start=\"391\" data-end=\"431\">Vertreten durch den Gesch\u00e4ftsf\u00fchrer:<\/strong><br data-start=\"431\" data-end=\"434\" \/>Heiko Heiden<\/p><p data-start=\"448\" data-end=\"459\"><strong data-start=\"448\" data-end=\"459\">Kontakt<\/strong><\/p><p data-start=\"461\" data-end=\"518\">Telefon: +49 (0)40 609 413 40<br data-start=\"490\" data-end=\"493\" \/>E-Mail: <a class=\"decorated-link cursor-pointer\" rel=\"noopener\" data-start=\"501\" data-end=\"518\">info@deltaexpo.de<\/a><\/p><p data-start=\"520\" data-end=\"539\"><strong data-start=\"520\" data-end=\"539\">Registereintrag<\/strong><\/p><p data-start=\"541\" data-end=\"639\">Eintragung im Handelsregister.<br data-start=\"571\" data-end=\"574\" \/>Registergericht: Amtsgericht Hamburg<br data-start=\"610\" data-end=\"613\" \/>Registernummer: HRB 196966<\/p><p data-start=\"641\" data-end=\"710\"><strong data-start=\"641\" data-end=\"710\">Umsatzsteuer-Identifikationsnummer gem\u00e4\u00df \u00a7 27a Umsatzsteuergesetz<\/strong><\/p><p data-start=\"712\" data-end=\"731\">DE [bitte erg\u00e4nzen]<\/p>\t\t\t\t\t\t\t\t<\/div>\n\t\t\t\t\t<\/div>\n\t\t\t\t<\/div>\n\t\t\t\t<\/div>\n\t\t","protected":false},"excerpt":{"rendered":"<p>Impressum Angaben gem\u00e4\u00df \u00a7 5 Digitale-Dienste-Gesetz (DDG) DeltaExpo GmbHGertigstr. 5922303 HamburgDeutschland Vertreten durch den Gesch\u00e4ftsf\u00fchrer:Heiko Heiden Kontakt Telefon: +49 (0)40 609 413 40E-Mail: info@deltaexpo.de Registereintrag Eintragung im Handelsregister.Registergericht: Amtsgericht HamburgRegisternummer: HRB 196966 Umsatzsteuer-Identifikationsnummer gem\u00e4\u00df \u00a7 27a Umsatzsteuergesetz DE [bitte erg\u00e4nzen]<\/p>\n","protected":false},"author":1,"featured_media":0,"parent":0,"menu_order":0,"comment_status":"closed","ping_status":"closed","template":"","meta":{"footnotes":""},"class_list":["post-166","page","type-page","status-publish","hentry"],"yoast_head":"<!-- This site is optimized with the Yoast SEO plugin v27.1.1 - https:\/\/yoast.com\/product\/yoast-seo-wordpress\/ -->\n<title>Impressum - DeltaExpo - Ihr Partner f\u00fcr erfolgreiche Messen und Kongresse<\/title>\n<meta name=\"robots\" content=\"index, follow, max-snippet:-1, max-image-preview:large, max-video-preview:-1\" \/>\n<link rel=\"canonical\" href=\"https:\/\/deltaexpo.de\/?page_id=166\" \/>\n<meta property=\"og:locale\" content=\"de_DE\" \/>\n<meta property=\"og:type\" content=\"article\" \/>\n<meta property=\"og:title\" content=\"Impressum - DeltaExpo - Ihr Partner f\u00fcr erfolgreiche Messen und Kongresse\" \/>\n<meta property=\"og:description\" content=\"Impressum Angaben gem\u00e4\u00df \u00a7 5 Digitale-Dienste-Gesetz (DDG) DeltaExpo GmbHGertigstr. 5922303 HamburgDeutschland Vertreten durch den Gesch\u00e4ftsf\u00fchrer:Heiko Heiden Kontakt Telefon: +49 (0)40 609 413 40E-Mail: info@deltaexpo.de Registereintrag Eintragung im Handelsregister.Registergericht: Amtsgericht HamburgRegisternummer: HRB 196966 Umsatzsteuer-Identifikationsnummer gem\u00e4\u00df \u00a7 27a Umsatzsteuergesetz DE [bitte erg\u00e4nzen]\" \/>\n<meta property=\"og:url\" content=\"https:\/\/deltaexpo.de\/?page_id=166\" \/>\n<meta property=\"og:site_name\" content=\"DeltaExpo - Ihr Partner f\u00fcr erfolgreiche Messen und Kongresse\" \/>\n<meta property=\"article:modified_time\" content=\"2026-03-09T05:18:42+00:00\" \/>\n<meta name=\"twitter:card\" content=\"summary_large_image\" \/>\n<meta name=\"twitter:label1\" content=\"Gesch\u00e4tzte Lesezeit\" \/>\n\t<meta name=\"twitter:data1\" content=\"1\u00a0Minute\" \/>\n<script type=\"application\/ld+json\" class=\"yoast-schema-graph\">{\"@context\":\"https:\/\/schema.org\",\"@graph\":[{\"@type\":\"WebPage\",\"@id\":\"https:\/\/deltaexpo.de\/?page_id=166\",\"url\":\"https:\/\/deltaexpo.de\/?page_id=166\",\"name\":\"Impressum - DeltaExpo - Ihr Partner f\u00fcr erfolgreiche Messen und Kongresse\",\"isPartOf\":{\"@id\":\"https:\/\/deltaexpo.de\/#website\"},\"datePublished\":\"2026-03-09T05:17:57+00:00\",\"dateModified\":\"2026-03-09T05:18:42+00:00\",\"breadcrumb\":{\"@id\":\"https:\/\/deltaexpo.de\/?page_id=166#breadcrumb\"},\"inLanguage\":\"de\",\"potentialAction\":[{\"@type\":\"ReadAction\",\"target\":[\"https:\/\/deltaexpo.de\/?page_id=166\"]}]},{\"@type\":\"BreadcrumbList\",\"@id\":\"https:\/\/deltaexpo.de\/?page_id=166#breadcrumb\",\"itemListElement\":[{\"@type\":\"ListItem\",\"position\":1,\"name\":\"Start\",\"item\":\"https:\/\/deltaexpo.de\/\"},{\"@type\":\"ListItem\",\"position\":2,\"name\":\"Impressum\"}]},{\"@type\":\"WebSite\",\"@id\":\"https:\/\/deltaexpo.de\/#website\",\"url\":\"https:\/\/deltaexpo.de\/\",\"name\":\"DeltaExpo - Ihr Partner f\u00fcr erfolgreiche Messen und Kongresse\",\"description\":\"\",\"publisher\":{\"@id\":\"https:\/\/deltaexpo.de\/#organization\"},\"potentialAction\":[{\"@type\":\"SearchAction\",\"target\":{\"@type\":\"EntryPoint\",\"urlTemplate\":\"https:\/\/deltaexpo.de\/?s={search_term_string}\"},\"query-input\":{\"@type\":\"PropertyValueSpecification\",\"valueRequired\":true,\"valueName\":\"search_term_string\"}}],\"inLanguage\":\"de\"},{\"@type\":\"Organization\",\"@id\":\"https:\/\/deltaexpo.de\/#organization\",\"name\":\"DeltaExpo - Ihr Partner f\u00fcr erfolgreiche Messen und Kongresse\",\"url\":\"https:\/\/deltaexpo.de\/\",\"logo\":{\"@type\":\"ImageObject\",\"inLanguage\":\"de\",\"@id\":\"https:\/\/deltaexpo.de\/#\/schema\/logo\/image\/\",\"url\":\"https:\/\/deltaexpo.de\/wp-content\/uploads\/2026\/01\/Logo_big.png\",\"contentUrl\":\"https:\/\/deltaexpo.de\/wp-content\/uploads\/2026\/01\/Logo_big.png\",\"width\":1813,\"height\":550,\"caption\":\"DeltaExpo - Ihr Partner f\u00fcr erfolgreiche Messen und Kongresse\"},\"image\":{\"@id\":\"https:\/\/deltaexpo.de\/#\/schema\/logo\/image\/\"}}]}<\/script>\n<!-- \/ Yoast SEO plugin. -->","yoast_head_json":{"title":"Impressum - DeltaExpo - Ihr Partner f\u00fcr erfolgreiche Messen und Kongresse","robots":{"index":"index","follow":"follow","max-snippet":"max-snippet:-1","max-image-preview":"max-image-preview:large","max-video-preview":"max-video-preview:-1"},"canonical":"https:\/\/deltaexpo.de\/?page_id=166","og_locale":"de_DE","og_type":"article","og_title":"Impressum - DeltaExpo - Ihr Partner f\u00fcr erfolgreiche Messen und Kongresse","og_description":"Impressum Angaben gem\u00e4\u00df \u00a7 5 Digitale-Dienste-Gesetz (DDG) DeltaExpo GmbHGertigstr. 5922303 HamburgDeutschland Vertreten durch den Gesch\u00e4ftsf\u00fchrer:Heiko Heiden Kontakt Telefon: +49 (0)40 609 413 40E-Mail: info@deltaexpo.de Registereintrag Eintragung im Handelsregister.Registergericht: Amtsgericht HamburgRegisternummer: HRB 196966 Umsatzsteuer-Identifikationsnummer gem\u00e4\u00df \u00a7 27a Umsatzsteuergesetz DE [bitte erg\u00e4nzen]","og_url":"https:\/\/deltaexpo.de\/?page_id=166","og_site_name":"DeltaExpo - Ihr Partner f\u00fcr erfolgreiche Messen und Kongresse","article_modified_time":"2026-03-09T05:18:42+00:00","twitter_card":"summary_large_image","twitter_misc":{"Gesch\u00e4tzte Lesezeit":"1\u00a0Minute"},"schema":{"@context":"https:\/\/schema.org","@graph":[{"@type":"WebPage","@id":"https:\/\/deltaexpo.de\/?page_id=166","url":"https:\/\/deltaexpo.de\/?page_id=166","name":"Impressum - DeltaExpo - Ihr Partner f\u00fcr erfolgreiche Messen und Kongresse","isPartOf":{"@id":"https:\/\/deltaexpo.de\/#website"},"datePublished":"2026-03-09T05:17:57+00:00","dateModified":"2026-03-09T05:18:42+00:00","breadcrumb":{"@id":"https:\/\/deltaexpo.de\/?page_id=166#breadcrumb"},"inLanguage":"de","potentialAction":[{"@type":"ReadAction","target":["https:\/\/deltaexpo.de\/?page_id=166"]}]},{"@type":"BreadcrumbList","@id":"https:\/\/deltaexpo.de\/?page_id=166#breadcrumb","itemListElement":[{"@type":"ListItem","position":1,"name":"Start","item":"https:\/\/deltaexpo.de\/"},{"@type":"ListItem","position":2,"name":"Impressum"}]},{"@type":"WebSite","@id":"https:\/\/deltaexpo.de\/#website","url":"https:\/\/deltaexpo.de\/","name":"DeltaExpo - Ihr Partner f\u00fcr erfolgreiche Messen und Kongresse","description":"","publisher":{"@id":"https:\/\/deltaexpo.de\/#organization"},"potentialAction":[{"@type":"SearchAction","target":{"@type":"EntryPoint","urlTemplate":"https:\/\/deltaexpo.de\/?s={search_term_string}"},"query-input":{"@type":"PropertyValueSpecification","valueRequired":true,"valueName":"search_term_string"}}],"inLanguage":"de"},{"@type":"Organization","@id":"https:\/\/deltaexpo.de\/#organization","name":"DeltaExpo - Ihr Partner f\u00fcr erfolgreiche Messen und Kongresse","url":"https:\/\/deltaexpo.de\/","logo":{"@type":"ImageObject","inLanguage":"de","@id":"https:\/\/deltaexpo.de\/#\/schema\/logo\/image\/","url":"https:\/\/deltaexpo.de\/wp-content\/uploads\/2026\/01\/Logo_big.png","contentUrl":"https:\/\/deltaexpo.de\/wp-content\/uploads\/2026\/01\/Logo_big.png","width":1813,"height":550,"caption":"DeltaExpo - Ihr Partner f\u00fcr erfolgreiche Messen und Kongresse"},"image":{"@id":"https:\/\/deltaexpo.de\/#\/schema\/logo\/image\/"}}]}},"_links":{"self":[{"href":"https:\/\/deltaexpo.de\/index.php?rest_route=\/wp\/v2\/pages\/166","targetHints":{"allow":["GET"]}}],"collection":[{"href":"https:\/\/deltaexpo.de\/index.php?rest_route=\/wp\/v2\/pages"}],"about":[{"href":"https:\/\/deltaexpo.de\/index.php?rest_route=\/wp\/v2\/types\/page"}],"author":[{"embeddable":true,"href":"https:\/\/deltaexpo.de\/index.php?rest_route=\/wp\/v2\/users\/1"}],"replies":[{"embeddable":true,"href":"https:\/\/deltaexpo.de\/index.php?rest_route=%2Fwp%2Fv2%2Fcomments&post=166"}],"version-history":[{"count":4,"href":"https:\/\/deltaexpo.de\/index.php?rest_route=\/wp\/v2\/pages\/166\/revisions"}],"predecessor-version":[{"id":170,"href":"https:\/\/deltaexpo.de\/index.php?rest_route=\/wp\/v2\/pages\/166\/revisions\/170"}],"wp:attachment":[{"href":"https:\/\/deltaexpo.de\/index.php?rest_route=%2Fwp%2Fv2%2Fmedia&parent=166"}],"curies":[{"name":"wp","href":"https:\/\/api.w.org\/{rel}","templated":true}]}}